{"id":237858,"date":"2021-01-27T21:06:23","date_gmt":"2021-01-28T00:06:23","guid":{"rendered":"https:\/\/proyecto2020.um.edu.uy\/?page_id=237858"},"modified":"2021-02-20T10:00:50","modified_gmt":"2021-02-20T13:00:50","slug":"podcast-25-watts","status":"publish","type":"page","link":"https:\/\/proyecto2020.um.edu.uy\/index.php\/podcast-25-watts\/","title":{"rendered":"Podcast 25 watts"},"content":{"rendered":"<p>[et_pb_section fb_built=\u00bb1&#8243; _builder_version=\u00bb4.8.1&#8243; _module_preset=\u00bbdefault\u00bb background_color=\u00bb#0A0A0A\u00bb custom_padding=\u00bb||16px|||\u00bb][et_pb_row column_structure=\u00bb1_4,3_4&#8243; _builder_version=\u00bb4.8.1&#8243; _module_preset=\u00bbdefault\u00bb][et_pb_column type=\u00bb1_4&#8243; _builder_version=\u00bb4.8.1&#8243; _module_preset=\u00bbdefault\u00bb][et_pb_image src=\u00bbhttps:\/\/proyecto2020.um.edu.uy\/wp-content\/uploads\/2021\/01\/icono-podcast-02-02.png\u00bb title_text=\u00bbicono podcast-02-02&#8243; align=\u00bbcenter\u00bb _builder_version=\u00bb4.8.1&#8243; _module_preset=\u00bbdefault\u00bb][\/et_pb_image][\/et_pb_column][et_pb_column type=\u00bb3_4&#8243; _builder_version=\u00bb4.8.1&#8243; _module_preset=\u00bbdefault\u00bb][et_pb_text _builder_version=\u00bb4.8.1&#8243; _module_preset=\u00bbdefault\u00bb header_font=\u00bbPoppins|||on|||||\u00bb header_text_align=\u00bbleft\u00bb header_font_size=\u00bb35px\u00bb custom_margin=\u00bb||3px|||\u00bb custom_padding=\u00bb0px|||||\u00bb]<\/p>\n<h1 style=\"text-align: left;\">PODCAST <em>25 WATTS<\/em><\/h1>\n<p>[\/et_pb_text][et_pb_text _builder_version=\u00bb4.8.1&#8243; _module_preset=\u00bbdefault\u00bb text_font=\u00bbRubik|300|||||||\u00bb]<\/p>\n<p>Conversamos con seis cr\u00edticos del medio local, para conocer sus opiniones y reacciones a la pel\u00edcula, los aspectos positivos y negativos, por qu\u00e9 es una pel\u00edcula importante para el cine uruguayo y mucho m\u00e1s.<\/p>\n<p>Los cr\u00edticos entrevistados son: Agust\u00edn Acevedo, Guilherme De Alencar Pinto, Diego Faraone,\u00a0Christian Font, Mari\u00e1ngel Solomita y Nicol\u00e1s Tab\u00e1rez.<\/p>\n<p>La m\u00fasica inicial pertenece al soundtrack de la pel\u00edcula: <em>Make Up Your Mind<\/em>, interpretada por Los Mockers.\u00a0<\/p>\n<p>[\/et_pb_text][\/et_pb_column][\/et_pb_row][\/et_pb_section][et_pb_section fb_built=\u00bb1&#8243; _builder_version=\u00bb4.8.1&#8243; _module_preset=\u00bbdefault\u00bb background_color=\u00bb#0A0A0A\u00bb custom_padding=\u00bb17px|||||\u00bb][et_pb_row _builder_version=\u00bb4.8.1&#8243; _module_preset=\u00bbdefault\u00bb hover_enabled=\u00bb0&#8243; custom_margin=\u00bb|0px||0px|false|false\u00bb custom_padding=\u00bb|0px||0px|false|false\u00bb module_alignment_last_edited=\u00bbon|tablet\u00bb module_alignment_tablet=\u00bbcenter\u00bb width_last_edited=\u00bbon|tablet\u00bb width_tablet=\u00bb90%\u00bb sticky_enabled=\u00bb0&#8243; module_alignment=\u00bbcenter\u00bb][et_pb_column type=\u00bb4_4&#8243; _builder_version=\u00bb4.8.1&#8243; _module_preset=\u00bbdefault\u00bb][et_pb_text _builder_version=\u00bb4.8.1&#8243; _module_preset=\u00bbdefault\u00bb text_font=\u00bbRubik|300|||||||\u00bb header_font=\u00bbRubik||||||||\u00bb width=\u00bb100%\u00bb max_width=\u00bb80%\u00bb module_alignment=\u00bbcenter\u00bb custom_margin=\u00bb||-1px|||\u00bb custom_padding=\u00bb20px||10px||false|false\u00bb]<\/p>\n<h1>1. Reacciones<\/h1>\n<p>[\/et_pb_text][et_pb_text _builder_version=\u00bb4.8.1&#8243; _module_preset=\u00bbdefault\u00bb text_font=\u00bbRubik|300|||||||\u00bb width=\u00bb100%\u00bb max_width=\u00bb80%\u00bb module_alignment=\u00bbcenter\u00bb custom_padding=\u00bb2px||10px||false|false\u00bb]<\/p>\n<p>En el primer episodio, les pedimos a los cr\u00edticos que hicieran memoria para recordar d\u00f3nde vieron la pel\u00edcula por primera vez y cu\u00e1les fueron sus primeras reacciones luego de verla.<\/p>\n<p>Orden de testimonios: Christian Font, Guilherme De Alencar Pinto, Nicol\u00e1s Tab\u00e1rez, Mari\u00e1ngel Solomita, Diego Faraone, Agust\u00edn Acevedo.\u00a0\u00a0<\/p>\n<p>[\/et_pb_text][et_pb_audio audio=\u00bbhttps:\/\/proyecto2020.um.edu.uy\/wp-content\/uploads\/2021\/02\/1-podcast-25-watts.mp3&#8243; album_name=\u00bbepisodio 1&#8243; _builder_version=\u00bb4.8.1&#8243; _module_preset=\u00bbdefault\u00bb title_level=\u00bbh3&#8243; title_font=\u00bbRubik|300|||||||\u00bb title_text_align=\u00bbcenter\u00bb title_font_size=\u00bb20px\u00bb background_color=\u00bbrgba(12,113,195,0.5)\u00bb min_height=\u00bb100%\u00bb height=\u00bb100px\u00bb custom_margin=\u00bb0px|0px|0px|0px|false|false\u00bb custom_padding=\u00bb10px|50px|0px|50px|false|false\u00bb border_radii=\u00bbon|326px|326px|326px|326px\u00bb][\/et_pb_audio][\/et_pb_column][\/et_pb_row][et_pb_row _builder_version=\u00bb4.8.1&#8243; _module_preset=\u00bbdefault\u00bb hover_enabled=\u00bb0&#8243; width_last_edited=\u00bbon|tablet\u00bb width_tablet=\u00bb90%\u00bb module_alignment=\u00bbcenter\u00bb custom_margin=\u00bb|0px||0px|false|false\u00bb custom_padding=\u00bb|0px||0px|false|false\u00bb sticky_enabled=\u00bb0&#8243;][et_pb_column type=\u00bb4_4&#8243; _builder_version=\u00bb4.8.1&#8243; _module_preset=\u00bbdefault\u00bb][et_pb_text _builder_version=\u00bb4.8.1&#8243; _module_preset=\u00bbdefault\u00bb text_font=\u00bbRubik|300|||||||\u00bb header_font=\u00bbRubik||||||||\u00bb width=\u00bb100%\u00bb max_width=\u00bb80%\u00bb module_alignment=\u00bbcenter\u00bb custom_margin=\u00bb||-1px|||\u00bb custom_padding=\u00bb20px||10px||false|false\u00bb]<\/p>\n<h1>2. Importancia<\/h1>\n<p>[\/et_pb_text][et_pb_text _builder_version=\u00bb4.8.1&#8243; _module_preset=\u00bbdefault\u00bb text_font=\u00bbRubik|300|||||||\u00bb text_orientation=\u00bbjustified\u00bb width=\u00bb100%\u00bb max_width=\u00bb80%\u00bb module_alignment=\u00bbcenter\u00bb custom_padding=\u00bb2px||10px||false|false\u00bb]<\/p>\n<p>Los cr\u00edticos coinciden en que la historia de <em>25 watts<\/em> conect\u00f3 con el p\u00fablico, no solo a nivel nacional, sino tambi\u00e9n en el \u00e1mbito internacional.<\/p>\n<p>En este episodio reflexionan sobre en qu\u00e9 sentido cambi\u00f3 el cine uruguayo a partir de esta pel\u00edcula, los aspectos positivos y negativos y qu\u00e9 cosas la hicieron especial, entre otros aspectos.<\/p>\n<p>Orden de testimonios: Guilherme De Alencar Pinto, Nicol\u00e1s Tab\u00e1rez, Christian Font, Mari\u00e1ngel Solomita, Diego Faraone.\u00a0<\/p>\n<p>[\/et_pb_text][et_pb_audio audio=\u00bbhttps:\/\/proyecto2020.um.edu.uy\/wp-content\/uploads\/2021\/02\/2-podcast-25-watts.mp3&#8243; album_name=\u00bbepisodio 2&#8243; _builder_version=\u00bb4.8.1&#8243; _module_preset=\u00bbdefault\u00bb title_level=\u00bbh3&#8243; title_font=\u00bbRubik|300|||||||\u00bb title_text_align=\u00bbcenter\u00bb title_font_size=\u00bb20px\u00bb background_color=\u00bbrgba(12,113,195,0.5)\u00bb min_height=\u00bb100%\u00bb height=\u00bb100px\u00bb custom_margin=\u00bb0px|0px|0px|0px|false|false\u00bb custom_padding=\u00bb10px|50px|0px|50px|false|false\u00bb border_radii=\u00bbon|326px|326px|326px|326px\u00bb][\/et_pb_audio][\/et_pb_column][\/et_pb_row][et_pb_row _builder_version=\u00bb4.8.1&#8243; _module_preset=\u00bbdefault\u00bb hover_enabled=\u00bb0&#8243; width=\u00bb90%\u00bb module_alignment_last_edited=\u00bbon|tablet\u00bb module_alignment_tablet=\u00bbcenter\u00bb width_last_edited=\u00bbon|desktop\u00bb width_tablet=\u00bb90%\u00bb sticky_enabled=\u00bb0&#8243;][et_pb_column type=\u00bb4_4&#8243; _builder_version=\u00bb4.8.1&#8243; _module_preset=\u00bbdefault\u00bb][et_pb_text _builder_version=\u00bb4.8.1&#8243; _module_preset=\u00bbdefault\u00bb text_font=\u00bbRubik|300|||||||\u00bb header_font=\u00bbRubik||||||||\u00bb width=\u00bb100%\u00bb max_width=\u00bb80%\u00bb module_alignment=\u00bbcenter\u00bb custom_margin=\u00bb||-1px|||\u00bb custom_padding=\u00bb20px||10px||false|false\u00bb]<\/p>\n<h1>3. Identificaci\u00f3n<\/h1>\n<p>[\/et_pb_text][et_pb_text _builder_version=\u00bb4.8.1&#8243; _module_preset=\u00bbdefault\u00bb text_font=\u00bbRubik|300|||||||\u00bb text_orientation=\u00bbjustified\u00bb width=\u00bb100%\u00bb max_width=\u00bb80%\u00bb module_alignment=\u00bbcenter\u00bb custom_padding=\u00bb2px||10px||false|false\u00bb]<\/p>\n<p>La historia de <em>25 watts<\/em> logr\u00f3 conectar con una generaci\u00f3n a trav\u00e9s de los escenarios, los di\u00e1logos, el humor y los personajes que comparten un c\u00f3digo y en un Montevideo con el que se identificaban. Los cr\u00edticos reflexionan en este sentido, y recuerdan c\u00f3mo y por qu\u00e9 sintieron esa conexi\u00f3n.<\/p>\n<p>Orden de testimonios: Nicol\u00e1s Tab\u00e1rez, Agust\u00edn Acevedo, Guilherme de Alencar Pinto, Christian Font, Mari\u00e1ngel Solomita, Diego Faraone.\u00a0<\/p>\n<p>[\/et_pb_text][et_pb_audio audio=\u00bbhttps:\/\/proyecto2020.um.edu.uy\/wp-content\/uploads\/2021\/02\/3-podcast-25-watts.mp3&#8243; album_name=\u00bbepisodio 3&#8243; _builder_version=\u00bb4.8.1&#8243; _module_preset=\u00bbdefault\u00bb title_level=\u00bbh3&#8243; title_font=\u00bbRubik|300|||||||\u00bb title_text_align=\u00bbcenter\u00bb title_font_size=\u00bb20px\u00bb background_color=\u00bbrgba(12,113,195,0.5)\u00bb min_height=\u00bb100%\u00bb height=\u00bb100px\u00bb custom_margin=\u00bb0px|0px|0px|0px|false|false\u00bb custom_padding=\u00bb10px|50px|0px|50px|false|false\u00bb border_radii=\u00bbon|326px|326px|326px|326px\u00bb][\/et_pb_audio][\/et_pb_column][\/et_pb_row][et_pb_row _builder_version=\u00bb4.8.1&#8243; _module_preset=\u00bbdefault\u00bb hover_enabled=\u00bb0&#8243; width_last_edited=\u00bbon|tablet\u00bb width_tablet=\u00bb90%\u00bb module_alignment=\u00bbcenter\u00bb module_alignment_last_edited=\u00bbon|desktop\u00bb module_alignment_tablet=\u00bbcenter\u00bb sticky_enabled=\u00bb0&#8243; module_alignment_phone=\u00bbcenter\u00bb][et_pb_column type=\u00bb4_4&#8243; _builder_version=\u00bb4.8.1&#8243; _module_preset=\u00bbdefault\u00bb][et_pb_text _builder_version=\u00bb4.8.1&#8243; _module_preset=\u00bbdefault\u00bb text_font=\u00bbRubik|300|||||||\u00bb header_font=\u00bbRubik||||||||\u00bb width=\u00bb100%\u00bb max_width=\u00bb80%\u00bb module_alignment=\u00bbcenter\u00bb custom_margin=\u00bb||-1px|||\u00bb custom_padding=\u00bb20px||10px||false|false\u00bb]<\/p>\n<h1>4. Reacciones<\/h1>\n<p>[\/et_pb_text][et_pb_text _builder_version=\u00bb4.8.1&#8243; _module_preset=\u00bbdefault\u00bb text_font=\u00bbRubik|300|||||||\u00bb text_orientation=\u00bbjustified\u00bb width=\u00bb100%\u00bb max_width=\u00bb80%\u00bb module_alignment=\u00bbcenter\u00bb custom_padding=\u00bb2px||10px||false|false\u00bb]<\/p>\n<p><span style=\"font-size: 16px;\"><span>En este cap\u00edtulo, les pedimos a los cr\u00edticos que reflexionaran sobre el contexto del a\u00f1o 2001, c\u00f3mo era visto el cine nacional en esa \u00e9poca y c\u00f3mo encaj\u00f3 la pel\u00edcula en ese ambiente.\u00a0<\/span><\/span><\/p>\n<p><span style=\"font-size: 16px;\">Orden de testimonios: Christian Font, Agust\u00edn Acevedo, Nicol\u00e1s Tab\u00e1rez, Guilherme De Alencar Pinto.\u00a0 \u00a0<\/span><\/p>\n<p>[\/et_pb_text][et_pb_audio audio=\u00bbhttps:\/\/proyecto2020.um.edu.uy\/wp-content\/uploads\/2021\/02\/4-podcast-25-watts.mp3&#8243; album_name=\u00bbepisodio 4&#8243; _builder_version=\u00bb4.8.1&#8243; _module_preset=\u00bbdefault\u00bb title_level=\u00bbh3&#8243; title_font=\u00bbRubik|300|||||||\u00bb title_text_align=\u00bbcenter\u00bb title_font_size=\u00bb20px\u00bb background_color=\u00bbrgba(12,113,195,0.5)\u00bb min_height=\u00bb100%\u00bb height=\u00bb100px\u00bb custom_margin=\u00bb0px|0px|0px|0px|false|false\u00bb custom_padding=\u00bb10px|50px|0px|50px|false|false\u00bb border_radii=\u00bbon|326px|326px|326px|326px\u00bb][\/et_pb_audio][\/et_pb_column][\/et_pb_row][\/et_pb_section][et_pb_section fb_built=\u00bb1&#8243; _builder_version=\u00bb4.8.1&#8243; _module_preset=\u00bbdefault\u00bb background_color=\u00bb#0A0A0A\u00bb custom_padding=\u00bb||20px|||\u00bb][et_pb_row _builder_version=\u00bb4.8.1&#8243; _module_preset=\u00bbdefault\u00bb][et_pb_column type=\u00bb4_4&#8243; _builder_version=\u00bb4.8.1&#8243; _module_preset=\u00bbdefault\u00bb][et_pb_team_member name=\u00bbAgust\u00edn Acevedo Kanopa\u00bb image_url=\u00bbhttps:\/\/proyecto2020.um.edu.uy\/wp-content\/uploads\/2021\/02\/AAcevedo_130bn.png\u00bb _builder_version=\u00bb4.8.1&#8243; _module_preset=\u00bbdefault\u00bb header_level=\u00bbh3&#8243; body_font=\u00bbRubik|300|||||||\u00bb position_font=\u00bbPoppins||||||||\u00bb text_orientation=\u00bbleft\u00bb border_radii_image=\u00bbon|734px|734px|734px|734px\u00bb border_width_all_image=\u00bb2px\u00bb border_color_all_image=\u00bb#FFFFFF\u00bb image_url__hover_enabled=\u00bbon|hover\u00bb image_url__hover=\u00bbhttps:\/\/proyecto2020.um.edu.uy\/wp-content\/uploads\/2021\/02\/AAcevedo_130.png\u00bb]<\/p>\n<p>Escribe sobre cine y m\u00fasica en La Diaria desde el a\u00f1o 2008. Ha trabajado como periodista en otras ramas.<\/p>\n<p>Tambi\u00e9n es psic\u00f3logo y escritor.\u00a0<\/p>\n<p>[\/et_pb_team_member][et_pb_team_member name=\u00bbGuilherme De Alencar Pinto\u00bb image_url=\u00bbhttps:\/\/proyecto2020.um.edu.uy\/wp-content\/uploads\/2021\/02\/De-Alencar-Pinto_130bn.jpg\u00bb position_tablet=\u00bb\u00bb position_phone=\u00bb\u00bb position_last_edited=\u00bbon|desktop\u00bb _builder_version=\u00bb4.8.1&#8243; _module_preset=\u00bbdefault\u00bb header_level=\u00bbh3&#8243; body_font=\u00bbRubik|300|||||||\u00bb position_font=\u00bbPoppins||||||||\u00bb text_orientation=\u00bbleft\u00bb custom_padding=\u00bb||2px|||\u00bb border_radii_image=\u00bbon|734px|734px|734px|734px\u00bb border_width_all_image=\u00bb2px\u00bb border_color_all_image=\u00bb#FFFFFF\u00bb image_url__hover_enabled=\u00bbon|hover\u00bb image_url__hover=\u00bbhttps:\/\/proyecto2020.um.edu.uy\/wp-content\/uploads\/2021\/02\/De-Alencar-Pinto_130.jpg\u00bb]<\/p>\n<p>Es investigador, docente, m\u00fasico, periodista.<br \/> Es autor de los libros<em> Razones locas\/El paso de Eduardo Mateo por la m\u00fasica uruguaya<\/em> (1994) y <em>Los que Iban Cantando\/Detr\u00e1s de las voces<\/em> (2013).<\/p>\n<p>Desde 2016 es presidente de la Asociaci\u00f3n de Cr\u00edticos Cinematogr\u00e1ficos del Uruguay (ACCU).<\/p>\n<p>[\/et_pb_team_member][et_pb_team_member name=\u00bbDiego Faraone\u00bb image_url=\u00bbhttps:\/\/proyecto2020.um.edu.uy\/wp-content\/uploads\/2021\/02\/Diego-Faraone_130bn.jpg\u00bb position_tablet=\u00bb\u00bb position_phone=\u00bb\u00bb position_last_edited=\u00bbon|desktop\u00bb _builder_version=\u00bb4.8.1&#8243; _module_preset=\u00bbdefault\u00bb header_level=\u00bbh3&#8243; body_font=\u00bbRubik|300|||||||\u00bb position_font=\u00bbPoppins||||||||\u00bb text_orientation=\u00bbleft\u00bb border_radii_image=\u00bbon|734px|734px|734px|734px\u00bb border_width_all_image=\u00bb2px\u00bb border_color_all_image=\u00bb#FFFFFF\u00bb image_url__hover_enabled=\u00bbon|hover\u00bb image_url__hover=\u00bbhttps:\/\/proyecto2020.um.edu.uy\/wp-content\/uploads\/2021\/02\/Diego-Faraone_130.jpg\u00bb]<\/p>\n<p>Periodista y cr\u00edtico de cine uruguayo, es redactor de Semanario Brecha desde 2007.<\/p>\n<p>Ha colaborado en varias publicaciones y fue editor de una secci\u00f3n propia en Brecha:\u00a0<em>Papelera de reciclaje<\/em> (2014-2017).<\/p>\n<p>[\/et_pb_team_member][et_pb_team_member name=\u00bbChristian Font\u00bb image_url=\u00bbhttps:\/\/proyecto2020.um.edu.uy\/wp-content\/uploads\/2021\/02\/Font_130bn.png\u00bb twitter_url=\u00bbhttps:\/\/twitter.com\/christianfont?ref_src=twsrc%5Egoogle%7Ctwcamp%5Eserp%7Ctwgr%5Eauthor\u00bb linkedin_url=\u00bbhttps:\/\/www.linkedin.com\/in\/christian-font-50149833\/?originalSubdomain=uy\u00bb _builder_version=\u00bb4.8.1&#8243; _module_preset=\u00bbdefault\u00bb header_level=\u00bbh3&#8243; body_font=\u00bbRubik|300|||||||\u00bb position_font=\u00bbPoppins||||||||\u00bb text_orientation=\u00bbleft\u00bb border_radii_image=\u00bbon|734px|734px|734px|734px\u00bb border_width_all_image=\u00bb2px\u00bb border_color_all_image=\u00bb#FFFFFF\u00bb image_url__hover_enabled=\u00bbon|desktop\u00bb image_url__hover=\u00bbhttps:\/\/proyecto2020.um.edu.uy\/wp-content\/uploads\/2021\/02\/Font_130.png\u00bb]<\/p>\n<p>Se define como obrero del entretenimiento.\u00a0<span><span class=\"lt-line-clamp__line\">Es comunicador, actor, cr\u00edtico cinematogr\u00e1fico, murguista, conductor de TV y docente uruguayo con m\u00e1s de dos d\u00e9cadas de experiencia<\/span>\u00a0<span class=\"lt-line-clamp__line lt-line-clamp__line--last\">en el medio local e internacional.<\/span><\/span><\/p>\n<p><span>Ha publicado notas en Brecha, La Diaria, El Observador y Revista Socio Espectacular.<\/span><\/p>\n<p>[\/et_pb_team_member][et_pb_team_member name=\u00bbMari\u00e1ngel Solomita\u00bb image_url=\u00bbhttps:\/\/proyecto2020.um.edu.uy\/wp-content\/uploads\/2021\/02\/Solomita_130bn.jpg\u00bb twitter_url=\u00bbhttps:\/\/twitter.com\/mariangelsolom1?ref_src=twsrc%5Egoogle%7Ctwcamp%5Eserp%7Ctwgr%5Eauthor\u00bb _builder_version=\u00bb4.8.1&#8243; _module_preset=\u00bbdefault\u00bb header_level=\u00bbh3&#8243; body_font=\u00bbRubik|300|||||||\u00bb position_font=\u00bbPoppins||||||||\u00bb text_orientation=\u00bbleft\u00bb border_radii_image=\u00bbon|734px|734px|734px|734px\u00bb border_width_all_image=\u00bb2px\u00bb border_color_all_image=\u00bb#FFFFFF\u00bb image_url__hover_enabled=\u00bbon|hover\u00bb image_url__hover=\u00bbhttps:\/\/proyecto2020.um.edu.uy\/wp-content\/uploads\/2021\/02\/Solomita_130.jpg\u00bb]<\/p>\n<p>Estudi\u00f3 Ciencias de la Comunicaci\u00f3n y realiz\u00f3 distintos talleres sobre cr\u00edtica cinematogr\u00e1fica y escritura period\u00edstica.<\/p>\n<p>Es cr\u00edtica de cine y periodista en el suplemento\u00a0<em>Qu\u00e9 Pasa<\/em>, del diario <em>El Pa\u00eds<\/em>. Conduce los programas\u00a0<em>Corre C\u00e1mara<\/em> y <em>Somos Cine<\/em>, en <em>TV Ciudad<\/em>.<\/p>\n<p>[\/et_pb_team_member][et_pb_team_member name=\u00bbNicol\u00e1s Tab\u00e1rez\u00bb image_url=\u00bbhttps:\/\/proyecto2020.um.edu.uy\/wp-content\/uploads\/2021\/02\/Nicolas-Tabarez_130bn.jpg\u00bb twitter_url=\u00bbhttps:\/\/twitter.com\/nicotabarez93?lang=es\u00bb linkedin_url=\u00bbhttps:\/\/www.linkedin.com\/in\/nicol%C3%A1s-tab%C3%A1rez-3b4785a3\/?originalSubdomain=uy\u00bb _builder_version=\u00bb4.8.1&#8243; _module_preset=\u00bbdefault\u00bb header_level=\u00bbh3&#8243; body_font=\u00bbRubik|300|||||||\u00bb position_font=\u00bbPoppins||||||||\u00bb text_orientation=\u00bbleft\u00bb border_radii_image=\u00bbon|734px|734px|734px|734px\u00bb border_width_all_image=\u00bb2px\u00bb border_color_all_image=\u00bb#FFFFFF\u00bb image_url__hover_enabled=\u00bbon|hover\u00bb image_url__hover=\u00bbhttps:\/\/proyecto2020.um.edu.uy\/wp-content\/uploads\/2021\/02\/Nicolas-Tabarez_130.jpg\u00bb]<\/p>\n<p>Es Licenciado en Comunicaci\u00f3n por la Unversidad Cat\u00f3lica del Uruguay.\u00a0<\/p>\n<p>Actualmente trabaja como periodista en las secciones <em>Luces<\/em> y <em>Tendencias<\/em> del diario <em>El Observador.<\/em><\/p>\n<p>[\/et_pb_team_member][\/et_pb_column][\/et_pb_row][et_pb_row column_structure=\u00bb1_4,1_2,1_4&#8243; _builder_version=\u00bb4.8.1&#8243; _module_preset=\u00bbdefault\u00bb custom_margin=\u00bb|auto|15px|auto||\u00bb custom_padding=\u00bb17px||2px|||\u00bb][et_pb_column type=\u00bb1_4&#8243; _builder_version=\u00bb4.8.1&#8243; _module_preset=\u00bbdefault\u00bb][\/et_pb_column][et_pb_column type=\u00bb1_2&#8243; _builder_version=\u00bb4.8.1&#8243; _module_preset=\u00bbdefault\u00bb][et_pb_image src=\u00bbhttps:\/\/proyecto2020.um.edu.uy\/wp-content\/uploads\/2021\/02\/Spotify_Icon_RGB_White-01.png\u00bb title_text=\u00bbSpotify_Icon_RGB_White-01&#8243; url=\u00bbhttps:\/\/open.spotify.com\/show\/7hwwoUwk7AyTkTPWMfz5JI?si=8gzHCN6PTqCZ9pFNWYFxcQ\u00bb url_new_window=\u00bbon\u00bb align=\u00bbcenter\u00bb align_tablet=\u00bb\u00bb align_phone=\u00bb\u00bb align_last_edited=\u00bbon|desktop\u00bb _builder_version=\u00bb4.8.1&#8243; _module_preset=\u00bbdefault\u00bb width=\u00bb100%\u00bb max_width=\u00bb15%\u00bb max_width_tablet=\u00bb15%\u00bb max_width_phone=\u00bb25%\u00bb max_width_last_edited=\u00bbon|desktop\u00bb module_alignment=\u00bbcenter\u00bb][\/et_pb_image][et_pb_text _builder_version=\u00bb4.8.1&#8243; _module_preset=\u00bbdefault\u00bb text_font=\u00bbRubik|300|||||||\u00bb text_font_size=\u00bb20px\u00bb custom_margin=\u00bb20px|||||\u00bb]<\/p>\n<h3 style=\"text-align: center;\">Encontr\u00e1 este podcast en Spotify<\/h3>\n<h3 style=\"text-align: center;\">\u00a1Seguinos!<\/h3>\n<p>[\/et_pb_text][\/et_pb_column][et_pb_column type=\u00bb1_4&#8243; _builder_version=\u00bb4.8.1&#8243; _module_preset=\u00bbdefault\u00bb][\/et_pb_column][\/et_pb_row][\/et_pb_section]<\/p>\n","protected":false},"excerpt":{"rendered":"<p>[et_pb_section fb_built=\u00bb1&#8243; _builder_version=\u00bb4.8.1&#8243; _module_preset=\u00bbdefault\u00bb background_color=\u00bb#0A0A0A\u00bb custom_padding=\u00bb||16px|||\u00bb][et_pb_row column_structure=\u00bb1_4,3_4&#8243; _builder_version=\u00bb4.8.1&#8243; _module_preset=\u00bbdefault\u00bb][et_pb_column type=\u00bb1_4&#8243; _builder_version=\u00bb4.8.1&#8243; _module_preset=\u00bbdefault\u00bb][et_pb_image src=\u00bbhttps:\/\/proyecto2020.um.edu.uy\/wp-content\/uploads\/2021\/01\/icono-podcast-02-02.png\u00bb title_text=\u00bbicono podcast-02-02&#8243; align=\u00bbcenter\u00bb _builder_version=\u00bb4.8.1&#8243; _module_preset=\u00bbdefault\u00bb][\/et_pb_image][\/et_pb_column][et_pb_column type=\u00bb3_4&#8243; _builder_version=\u00bb4.8.1&#8243; _module_preset=\u00bbdefault\u00bb][et_pb_text _builder_version=\u00bb4.8.1&#8243; _module_preset=\u00bbdefault\u00bb header_font=\u00bbPoppins|||on|||||\u00bb header_text_align=\u00bbleft\u00bb header_font_size=\u00bb35px\u00bb custom_margin=\u00bb||3px|||\u00bb custom_padding=\u00bb0px|||||\u00bb] PODCAST 25 WATTS [\/et_pb_text][et_pb_text _builder_version=\u00bb4.8.1&#8243; _module_preset=\u00bbdefault\u00bb text_font=\u00bbRubik|300|||||||\u00bb] Conversamos con seis cr\u00edticos del medio local, para conocer sus opiniones y reacciones a la pel\u00edcula, los aspectos positivos y [&hellip;]<\/p>\n","protected":false},"author":3,"featured_media":0,"parent":0,"menu_order":0,"comment_status":"closed","ping_status":"closed","template":"","meta":{"_et_pb_use_builder":"on","_et_pb_old_content":"","_et_gb_content_width":"","footnotes":""},"_links":{"self":[{"href":"https:\/\/proyecto2020.um.edu.uy\/index.php\/wp-json\/wp\/v2\/pages\/237858"}],"collection":[{"href":"https:\/\/proyecto2020.um.edu.uy\/index.php\/wp-json\/wp\/v2\/pages"}],"about":[{"href":"https:\/\/proyecto2020.um.edu.uy\/index.php\/wp-json\/wp\/v2\/types\/page"}],"author":[{"embeddable":true,"href":"https:\/\/proyecto2020.um.edu.uy\/index.php\/wp-json\/wp\/v2\/users\/3"}],"replies":[{"embeddable":true,"href":"https:\/\/proyecto2020.um.edu.uy\/index.php\/wp-json\/wp\/v2\/comments?post=237858"}],"version-history":[{"count":34,"href":"https:\/\/proyecto2020.um.edu.uy\/index.php\/wp-json\/wp\/v2\/pages\/237858\/revisions"}],"predecessor-version":[{"id":239502,"href":"https:\/\/proyecto2020.um.edu.uy\/index.php\/wp-json\/wp\/v2\/pages\/237858\/revisions\/239502"}],"wp:attachment":[{"href":"https:\/\/proyecto2020.um.edu.uy\/index.php\/wp-json\/wp\/v2\/media?parent=237858"}],"curies":[{"name":"wp","href":"https:\/\/api.w.org\/{rel}","templated":true}]}}