{"id":237829,"date":"2021-02-05T00:46:38","date_gmt":"2021-02-05T03:46:38","guid":{"rendered":"https:\/\/proyecto2020.um.edu.uy\/?page_id=237829"},"modified":"2021-02-20T09:42:20","modified_gmt":"2021-02-20T12:42:20","slug":"noticias-en-la-puta-vida","status":"publish","type":"page","link":"https:\/\/proyecto2020.um.edu.uy\/index.php\/noticias-en-la-puta-vida\/","title":{"rendered":"Noticias En la puta vida"},"content":{"rendered":"<p>[et_pb_section fb_built=\u00bb1&#8243; _builder_version=\u00bb4.8.1&#8243; _module_preset=\u00bbdefault\u00bb background_color=\u00bb#0A0A0A\u00bb custom_padding=\u00bb||16px|||\u00bb][et_pb_row column_structure=\u00bb1_4,3_4&#8243; _builder_version=\u00bb4.8.1&#8243; _module_preset=\u00bbdefault\u00bb hover_enabled=\u00bb0&#8243; sticky_enabled=\u00bb0&#8243; module_alignment_last_edited=\u00bbon|desktop\u00bb module_alignment_phone=\u00bbcenter\u00bb custom_margin=\u00bb|0px||0px|false|false\u00bb custom_padding=\u00bb|0px||0px|false|false\u00bb module_alignment_tablet=\u00bbcenter\u00bb module_alignment=\u00bbcenter\u00bb][et_pb_column type=\u00bb1_4&#8243; _builder_version=\u00bb4.8.1&#8243; _module_preset=\u00bbdefault\u00bb][et_pb_image src=\u00bbhttps:\/\/proyecto2020.um.edu.uy\/wp-content\/uploads\/2021\/02\/news-42.png\u00bb title_text=\u00bbnews-42&#8243; _builder_version=\u00bb4.8.1&#8243; _module_preset=\u00bbdefault\u00bb hover_enabled=\u00bb0&#8243; module_alignment=\u00bbleft\u00bb module_alignment_last_edited=\u00bbon|phone\u00bb max_height=\u00bb130px\u00bb max_height_last_edited=\u00bbon|phone\u00bb sticky_enabled=\u00bb0&#8243; max_height_phone=\u00bb90px\u00bb max_height_tablet=\u00bb90px\u00bb module_alignment_phone=\u00bbcenter\u00bb align_last_edited=\u00bbon|tablet\u00bb align=\u00bbright\u00bb align_tablet=\u00bbleft\u00bb module_alignment_tablet=\u00bb\u00bb custom_margin=\u00bb||||false|false\u00bb custom_margin_last_edited=\u00bbon|desktop\u00bb][\/et_pb_image][\/et_pb_column][et_pb_column type=\u00bb3_4&#8243; _builder_version=\u00bb4.8.1&#8243; _module_preset=\u00bbdefault\u00bb][et_pb_text _builder_version=\u00bb4.8.1&#8243; _module_preset=\u00bbdefault\u00bb header_font=\u00bbPoppins|||on|||||\u00bb header_text_align=\u00bbleft\u00bb header_font_size=\u00bb35px\u00bb custom_margin=\u00bb||3px|||\u00bb custom_padding=\u00bb0px|||||\u00bb hover_enabled=\u00bb0&#8243; module_alignment_last_edited=\u00bbon|tablet\u00bb sticky_enabled=\u00bb0&#8243; module_alignment_tablet=\u00bb\u00bb]<\/p>\n<h1 style=\"text-align: left;\">noticias<\/h1>\n<p>[\/et_pb_text][et_pb_text _builder_version=\u00bb4.8.1&#8243; _module_preset=\u00bbdefault\u00bb text_font=\u00bbRubik|300|||||||\u00bb text_orientation=\u00bbjustified\u00bb width=\u00bb100%\u00bb max_width=\u00bb100%\u00bb hover_enabled=\u00bb0&#8243; module_alignment_last_edited=\u00bbon|tablet\u00bb module_alignment_phone=\u00bbcenter\u00bb sticky_enabled=\u00bb0&#8243; module_alignment_tablet=\u00bbcenter\u00bb custom_margin=\u00bb||||false|false\u00bb custom_margin_last_edited=\u00bbon|tablet\u00bb custom_margin_phone=\u00bb|||0px|false|false\u00bb]<\/p>\n<p>Seg\u00fan cont\u00f3 Beatriz Flores Silva, destin\u00f3 mucho tiempo a dar entrevistas a los medios, con el objetivo de publicitar a\u00fan m\u00e1s su pel\u00edcula. En esta secci\u00f3n te mostramos algunas notas que salieron en dos semanarios de la \u00e9poca.<\/p>\n<p>[\/et_pb_text][\/et_pb_column][\/et_pb_row][\/et_pb_section][et_pb_section fb_built=\u00bb1&#8243; _builder_version=\u00bb4.8.1&#8243; _module_preset=\u00bbdefault\u00bb background_color=\u00bb#0A0A0A\u00bb custom_padding=\u00bb10px|||||\u00bb][et_pb_row column_structure=\u00bb1_2,1_2&#8243; _builder_version=\u00bb4.8.1&#8243; _module_preset=\u00bbdefault\u00bb width=\u00bb100%\u00bb width_tablet=\u00bb90%\u00bb width_phone=\u00bb80%\u00bb width_last_edited=\u00bbon|phone\u00bb][et_pb_column type=\u00bb1_2&#8243; _builder_version=\u00bb4.8.1&#8243; _module_preset=\u00bbdefault\u00bb][et_pb_image src=\u00bbhttps:\/\/proyecto2020.um.edu.uy\/wp-content\/uploads\/2021\/02\/Brecha_blanco.png\u00bb title_text=\u00bbBrecha_blanco\u00bb _builder_version=\u00bb4.8.1&#8243; _module_preset=\u00bbdefault\u00bb width=\u00bb100%\u00bb max_width=\u00bb50%\u00bb][\/et_pb_image][\/et_pb_column][et_pb_column type=\u00bb1_2&#8243; _builder_version=\u00bb4.8.1&#8243; _module_preset=\u00bbdefault\u00bb][et_pb_image src=\u00bbhttps:\/\/proyecto2020.um.edu.uy\/wp-content\/uploads\/2021\/02\/Brecha_14.4.2000.jpg\u00bb title_text=\u00bbBrecha_14.4.2000&#8243; align=\u00bbcenter\u00bb _builder_version=\u00bb4.8.1&#8243; _module_preset=\u00bbdefault\u00bb][\/et_pb_image][\/et_pb_column][\/et_pb_row][et_pb_row column_structure=\u00bb1_2,1_2&#8243; _builder_version=\u00bb4.8.1&#8243; _module_preset=\u00bbdefault\u00bb width=\u00bb100%\u00bb width_tablet=\u00bb90%\u00bb width_phone=\u00bb80%\u00bb width_last_edited=\u00bbon|phone\u00bb max_width=\u00bb90%\u00bb][et_pb_column type=\u00bb1_2&#8243; _builder_version=\u00bb4.8.1&#8243; _module_preset=\u00bbdefault\u00bb][et_pb_image src=\u00bbhttps:\/\/proyecto2020.um.edu.uy\/wp-content\/uploads\/2021\/02\/Brecha-850-04.05.01-En-la-puta-vida_Pagina_1.png\u00bb title_text=\u00bbBrecha 850-04.05.01-En la puta vida_P\u00e1gina_1&#8243; show_in_lightbox=\u00bbon\u00bb _builder_version=\u00bb4.8.1&#8243; _module_preset=\u00bbdefault\u00bb][\/et_pb_image][\/et_pb_column][et_pb_column type=\u00bb1_2&#8243; _builder_version=\u00bb4.8.1&#8243; _module_preset=\u00bbdefault\u00bb][et_pb_image src=\u00bbhttps:\/\/proyecto2020.um.edu.uy\/wp-content\/uploads\/2021\/02\/Brecha-850-04.05.01-En-la-puta-vida_Pagina_2.png\u00bb title_text=\u00bbBrecha 850-04.05.01-En la puta vida_P\u00e1gina_2&#8243; show_in_lightbox=\u00bbon\u00bb _builder_version=\u00bb4.8.1&#8243; _module_preset=\u00bbdefault\u00bb][\/et_pb_image][\/et_pb_column][\/et_pb_row][et_pb_row column_structure=\u00bb1_2,1_2&#8243; _builder_version=\u00bb4.8.1&#8243; _module_preset=\u00bbdefault\u00bb hover_enabled=\u00bb0&#8243; custom_padding=\u00bb||5px|||\u00bb max_height_last_edited=\u00bbon|phone\u00bb max_height_phone=\u00bb10px\u00bb sticky_enabled=\u00bb0&#8243; max_height_tablet=\u00bb100px\u00bb][et_pb_column type=\u00bb1_2&#8243; _builder_version=\u00bb4.8.1&#8243; _module_preset=\u00bbdefault\u00bb][et_pb_image src=\u00bbhttps:\/\/proyecto2020.um.edu.uy\/wp-content\/uploads\/2021\/02\/busqueda_logo-01.png\u00bb title_text=\u00bbbusqueda_logo-01&#8243; _builder_version=\u00bb4.8.1&#8243; _module_preset=\u00bbdefault\u00bb][\/et_pb_image][\/et_pb_column][et_pb_column type=\u00bb1_2&#8243; _builder_version=\u00bb4.8.1&#8243; _module_preset=\u00bbdefault\u00bb][\/et_pb_column][\/et_pb_row][et_pb_row _builder_version=\u00bb4.8.1&#8243; _module_preset=\u00bbdefault\u00bb][et_pb_column type=\u00bb4_4&#8243; _builder_version=\u00bb4.8.1&#8243; _module_preset=\u00bbdefault\u00bb][et_pb_blog fullwidth=\u00bboff\u00bb posts_number=\u00bb3&#8243; include_categories=\u00bb5&#8243; show_thumbnail=\u00bboff\u00bb show_author=\u00bboff\u00bb show_categories=\u00bboff\u00bb masonry_tile_background_color=\u00bb#0A0A0A\u00bb _builder_version=\u00bb4.8.1&#8243; _module_preset=\u00bbdefault\u00bb][\/et_pb_blog][\/et_pb_column][\/et_pb_row][\/et_pb_section]<\/p>\n","protected":false},"excerpt":{"rendered":"<p>[et_pb_section fb_built=\u00bb1&#8243; _builder_version=\u00bb4.8.1&#8243; _module_preset=\u00bbdefault\u00bb background_color=\u00bb#0A0A0A\u00bb custom_padding=\u00bb||16px|||\u00bb][et_pb_row column_structure=\u00bb1_4,3_4&#8243; _builder_version=\u00bb4.8.1&#8243; _module_preset=\u00bbdefault\u00bb hover_enabled=\u00bb0&#8243; sticky_enabled=\u00bb0&#8243; module_alignment_last_edited=\u00bbon|desktop\u00bb module_alignment_phone=\u00bbcenter\u00bb custom_margin=\u00bb|0px||0px|false|false\u00bb custom_padding=\u00bb|0px||0px|false|false\u00bb module_alignment_tablet=\u00bbcenter\u00bb module_alignment=\u00bbcenter\u00bb][et_pb_column type=\u00bb1_4&#8243; _builder_version=\u00bb4.8.1&#8243; _module_preset=\u00bbdefault\u00bb][et_pb_image src=\u00bbhttps:\/\/proyecto2020.um.edu.uy\/wp-content\/uploads\/2021\/02\/news-42.png\u00bb title_text=\u00bbnews-42&#8243; _builder_version=\u00bb4.8.1&#8243; _module_preset=\u00bbdefault\u00bb hover_enabled=\u00bb0&#8243; module_alignment=\u00bbleft\u00bb module_alignment_last_edited=\u00bbon|phone\u00bb max_height=\u00bb130px\u00bb max_height_last_edited=\u00bbon|phone\u00bb sticky_enabled=\u00bb0&#8243; max_height_phone=\u00bb90px\u00bb max_height_tablet=\u00bb90px\u00bb module_alignment_phone=\u00bbcenter\u00bb align_last_edited=\u00bbon|tablet\u00bb align=\u00bbright\u00bb align_tablet=\u00bbleft\u00bb module_alignment_tablet=\u00bb\u00bb custom_margin=\u00bb||||false|false\u00bb custom_margin_last_edited=\u00bbon|desktop\u00bb][\/et_pb_image][\/et_pb_column][et_pb_column type=\u00bb3_4&#8243; _builder_version=\u00bb4.8.1&#8243; _module_preset=\u00bbdefault\u00bb][et_pb_text _builder_version=\u00bb4.8.1&#8243; _module_preset=\u00bbdefault\u00bb header_font=\u00bbPoppins|||on|||||\u00bb header_text_align=\u00bbleft\u00bb header_font_size=\u00bb35px\u00bb custom_margin=\u00bb||3px|||\u00bb custom_padding=\u00bb0px|||||\u00bb hover_enabled=\u00bb0&#8243; module_alignment_last_edited=\u00bbon|tablet\u00bb sticky_enabled=\u00bb0&#8243; module_alignment_tablet=\u00bb\u00bb] noticias [\/et_pb_text][et_pb_text [&hellip;]<\/p>\n","protected":false},"author":3,"featured_media":0,"parent":0,"menu_order":0,"comment_status":"closed","ping_status":"closed","template":"","meta":{"_et_pb_use_builder":"on","_et_pb_old_content":"","_et_gb_content_width":"","footnotes":""},"_links":{"self":[{"href":"https:\/\/proyecto2020.um.edu.uy\/index.php\/wp-json\/wp\/v2\/pages\/237829"}],"collection":[{"href":"https:\/\/proyecto2020.um.edu.uy\/index.php\/wp-json\/wp\/v2\/pages"}],"about":[{"href":"https:\/\/proyecto2020.um.edu.uy\/index.php\/wp-json\/wp\/v2\/types\/page"}],"author":[{"embeddable":true,"href":"https:\/\/proyecto2020.um.edu.uy\/index.php\/wp-json\/wp\/v2\/users\/3"}],"replies":[{"embeddable":true,"href":"https:\/\/proyecto2020.um.edu.uy\/index.php\/wp-json\/wp\/v2\/comments?post=237829"}],"version-history":[{"count":17,"href":"https:\/\/proyecto2020.um.edu.uy\/index.php\/wp-json\/wp\/v2\/pages\/237829\/revisions"}],"predecessor-version":[{"id":239484,"href":"https:\/\/proyecto2020.um.edu.uy\/index.php\/wp-json\/wp\/v2\/pages\/237829\/revisions\/239484"}],"wp:attachment":[{"href":"https:\/\/proyecto2020.um.edu.uy\/index.php\/wp-json\/wp\/v2\/media?parent=237829"}],"curies":[{"name":"wp","href":"https:\/\/api.w.org\/{rel}","templated":true}]}}